{"id":920,"date":"2018-12-10T18:55:57","date_gmt":"2018-12-10T17:55:57","guid":{"rendered":"http:\/\/sowahome.de\/wordpress\/?page_id=920"},"modified":"2023-08-29T17:36:22","modified_gmt":"2023-08-29T15:36:22","slug":"weitere-videos","status":"publish","type":"page","link":"https:\/\/www.sowahome.de\/WordPress\/weitere-videos\/","title":{"rendered":"Weitere Videos"},"content":{"rendered":"<p>&nbsp;<\/p>\r\n\r\n<p class=\"wp-block-paragraph\">Elke, Gudrun, Ulli, Peter und J\u00fcrgen haben sich ebenfalls um die Dokumentation dieses denkw\u00fcrdigen Ereignisses gek\u00fcmmert und mir ihre Dateien zur Verf\u00fcgung gestellt. Die Fotos sind an anderer Stelle integriert, hier nachfolgend die gesammelten Videos:<\/p>\r\n\r\n\r\n\r\n<p class=\"wp-block-paragraph\">&nbsp;<\/p>\r\n\r\n\r\n\r\n<figure class=\"wp-block-video\"><video src=\"http:\/\/sowahome.de\/WordPress\/wp-content\/uploads\/2018\/11\/Gudrun1.mp4\" poster=\"http:\/\/sowahome.de\/WordPress\/wp-content\/uploads\/2021\/04\/Gudrun1-converted.jpg\" preload=\"none\" controls=\"controls\" width=\"300\" height=\"150\"><\/video>\r\n<figcaption>Leider nur ein kurzer Ausschnitt\u2026<\/figcaption>\r\n<\/figure>\r\n\r\n\r\n\r\n<p>&nbsp;<\/p>\r\n\r\n\r\n\r\n<figure class=\"wp-block-video\"><video src=\"http:\/\/sowahome.de\/WordPress\/wp-content\/uploads\/2018\/12\/Ulli-WholeLottaLove.mp4\" poster=\"http:\/\/sowahome.de\/WordPress\/wp-content\/uploads\/2021\/04\/Ulli-WholeLottaLove-converted.jpg\" preload=\"none\" controls=\"controls\" width=\"300\" height=\"150\"><\/video>\r\n<figcaption>Led Zeppelin &#8211; Whole Lotta Love (nur geringe Aufl\u00f6sung)<\/figcaption>\r\n<\/figure>\r\n\r\n\r\n\r\n<figure class=\"wp-block-video\"><video src=\"http:\/\/sowahome.de\/WordPress\/wp-content\/uploads\/Elke-WA0001.mp4\" poster=\"http:\/\/sowahome.de\/WordPress\/wp-content\/uploads\/2021\/04\/Elke-WA0001-converted.jpg\" preload=\"none\" controls=\"controls\" width=\"300\" height=\"150\"><\/video>\r\n<figcaption>Rag \u2019n\u2019 Bone Man, Human<\/figcaption>\r\n<\/figure>\r\n\r\n\r\n\r\n<figure class=\"wp-block-video\"><video src=\"http:\/\/sowahome.de\/WordPress\/wp-content\/uploads\/2018\/12\/Robson-Human.mp4\" poster=\"http:\/\/sowahome.de\/WordPress\/wp-content\/uploads\/2021\/04\/Robson-Human-converted.jpg\" preload=\"none\" controls=\"controls\" width=\"300\" height=\"150\"><\/video>\r\n<figcaption>Diesmal mit Andrea: Rag \u2019n\u2019 Bone Man, Human<\/figcaption>\r\n<\/figure>\r\n\r\n\r\n\r\n<figure class=\"wp-block-video\"><video src=\"http:\/\/sowahome.de\/WordPress\/wp-content\/uploads\/2018\/12\/Robson-Purple_Rain.mp4\" poster=\"http:\/\/sowahome.de\/WordPress\/wp-content\/uploads\/2021\/04\/Robson-Purple_Rain-converted.jpg\" preload=\"none\" controls=\"controls\" width=\"300\" height=\"150\"><\/video>\r\n<figcaption>Prince &#8211; Purple Rain<\/figcaption>\r\n<\/figure>\r\n\r\n\r\n\r\n<figure class=\"wp-block-video\"><video src=\"http:\/\/sowahome.de\/WordPress\/wp-content\/uploads\/Elke-WA0005.mp4\" poster=\"http:\/\/sowahome.de\/WordPress\/wp-content\/uploads\/2021\/04\/Elke-WA0005-converted.jpg\" preload=\"none\" controls=\"controls\" width=\"300\" height=\"150\"><\/video>\r\n<figcaption>\u2026 kurz nach Mitternacht<\/figcaption>\r\n<\/figure>\r\n\r\n\r\n\r\n<p class=\"wp-block-paragraph\">Die folgenden Clips sind aus zwei Originalvideos ausgeschnitten. Das hat mit <em>ffmpeg<\/em> unter Linux ganz gut funktioniert, weil ausschneiden und drehen der einzelnen Clips relativ leicht zu bewerkstelligen war &#8211; trotzdem aber eine \u00e4tzende Fummelei, was aber schon an anderer Stelle erw\u00e4hnt wurde. An dieser Stelle die eindringliche Bitte, w\u00e4hrend einer Videoaufnahme das Smartphone nicht um 90\u00b0 zu drehen!<\/p>\r\n\r\n\r\n\r\n<p class=\"wp-block-paragraph\">&nbsp;<\/p>\r\n\r\n\r\n\r\n<figure class=\"wp-block-video\"><video src=\"http:\/\/sowahome.de\/WordPress\/wp-content\/uploads\/2018\/12\/Gratulation1a.mp4\" poster=\"http:\/\/sowahome.de\/WordPress\/wp-content\/uploads\/2021\/04\/Gratulation1a-converted.jpg\" preload=\"none\" controls=\"controls\" width=\"300\" height=\"150\"><\/video>\r\n<figcaption>&#8230; und drehen.<\/figcaption>\r\n<\/figure>\r\n\r\n\r\n\r\n<figure class=\"wp-block-video\"><video src=\"http:\/\/sowahome.de\/WordPress\/wp-content\/uploads\/2018\/12\/Gratulation1b.mp4\" poster=\"http:\/\/sowahome.de\/WordPress\/wp-content\/uploads\/2021\/04\/Gratulation1b-converted.jpg\" preload=\"none\" controls=\"controls\" width=\"300\" height=\"150\"><\/video><\/figure>\r\n\r\n\r\n\r\n<figure class=\"wp-block-video\"><video src=\"http:\/\/sowahome.de\/WordPress\/wp-content\/uploads\/2018\/12\/Gratulation2a.mp4\" poster=\"http:\/\/sowahome.de\/WordPress\/wp-content\/uploads\/2021\/04\/Gratulation2a-converted.jpg\" preload=\"none\" controls=\"controls\" width=\"360&quot;\" height=\"640\"><\/video>\r\n<figcaption>\u2026 und wieder drehen \u2026<\/figcaption>\r\n<\/figure>\r\n\r\n\r\n\r\n<figure class=\"wp-block-video\"><video src=\"http:\/\/sowahome.de\/WordPress\/wp-content\/uploads\/2018\/12\/Gratulation2b.mp4\" poster=\"http:\/\/sowahome.de\/WordPress\/wp-content\/uploads\/2021\/04\/Gratulation2b-converted.jpg\" preload=\"none\" controls=\"controls\" width=\"300\" height=\"150\"><\/video><\/figure>\r\n","protected":false},"excerpt":{"rendered":"<p>&nbsp; Elke, Gudrun, Ulli, Peter und J\u00fcrgen haben sich ebenfalls um die Dokumentation dieses denkw\u00fcrdigen Ereignisses gek\u00fcmmert und mir ihre Dateien zur Verf\u00fcgung gestellt. Die Fotos sind an anderer Stelle integriert, hier nachfolgend die gesammelten Videos: &nbsp; &nbsp; Die folgenden Clips sind aus zwei Originalvideos ausgeschnitten. Das hat mit ffmpeg unter Linux ganz gut funktioniert, &hellip; <a href=\"https:\/\/www.sowahome.de\/WordPress\/weitere-videos\/\" class=\"more-link\"><span class=\"screen-reader-text\">\u201eWeitere Videos\u201c <\/span>weiterlesen<\/a><\/p>\n","protected":false},"author":1,"featured_media":0,"parent":0,"menu_order":0,"comment_status":"closed","ping_status":"closed","template":"","meta":{"_crdt_document":"","ngg_post_thumbnail":0,"footnotes":""},"class_list":["post-920","page","type-page","status-publish","hentry"],"_links":{"self":[{"href":"https:\/\/www.sowahome.de\/WordPress\/wp-json\/wp\/v2\/pages\/920","targetHints":{"allow":["GET"]}}],"collection":[{"href":"https:\/\/www.sowahome.de\/WordPress\/wp-json\/wp\/v2\/pages"}],"about":[{"href":"https:\/\/www.sowahome.de\/WordPress\/wp-json\/wp\/v2\/types\/page"}],"author":[{"embeddable":true,"href":"https:\/\/www.sowahome.de\/WordPress\/wp-json\/wp\/v2\/users\/1"}],"replies":[{"embeddable":true,"href":"https:\/\/www.sowahome.de\/WordPress\/wp-json\/wp\/v2\/comments?post=920"}],"version-history":[{"count":28,"href":"https:\/\/www.sowahome.de\/WordPress\/wp-json\/wp\/v2\/pages\/920\/revisions"}],"predecessor-version":[{"id":1666,"href":"https:\/\/www.sowahome.de\/WordPress\/wp-json\/wp\/v2\/pages\/920\/revisions\/1666"}],"wp:attachment":[{"href":"https:\/\/www.sowahome.de\/WordPress\/wp-json\/wp\/v2\/media?parent=920"}],"curies":[{"name":"wp","href":"https:\/\/api.w.org\/{rel}","templated":true}]}}