{"id":9,"date":"2016-02-18T16:07:25","date_gmt":"2016-02-18T15:07:25","guid":{"rendered":"http:\/\/192.168.2.151\/wordpress\/?page_id=9"},"modified":"2021-04-16T14:29:07","modified_gmt":"2021-04-16T12:29:07","slug":"urlaub","status":"publish","type":"page","link":"https:\/\/www.sowahome.de\/WordPress\/urlaub\/","title":{"rendered":"Urlaub"},"content":{"rendered":"<p><figure id=\"attachment_107\" aria-describedby=\"caption-attachment-107\" style=\"width: 232px\" class=\"wp-caption alignright\"><img loading=\"lazy\" decoding=\"async\" class=\"alignnone size-medium wp-image-1087\" src=\"\/WordPress\/wp-content\/uploads\/2016\/02\/bruegge-232x300.jpg\" alt=\"Br\u00fcgge im Oktober 2015, Friedhelm, Andrea und Wolle (vlnr), Moni hat fotografiert\" width=\"232\" height=\"300\" srcset=\"https:\/\/www.sowahome.de\/WordPress\/wp-content\/uploads\/2016\/02\/bruegge-232x300.jpg 232w, https:\/\/www.sowahome.de\/WordPress\/wp-content\/uploads\/2016\/02\/bruegge-792x1024.jpg 792w, https:\/\/www.sowahome.de\/WordPress\/wp-content\/uploads\/2016\/02\/bruegge-768x993.jpg 768w, https:\/\/www.sowahome.de\/WordPress\/wp-content\/uploads\/2016\/02\/bruegge.jpg 809w\" sizes=\"auto, (max-width: 232px) 85vw, 232px\" \/><figcaption id=\"caption-attachment-107\" class=\"wp-caption-text\">Br\u00fcgge im Oktober 2015, Friedhelm, Andrea und Wolle (vlnr), Moni hat fotografiert<\/figcaption><\/figure><br \/>\nDas Internet hat im Laufe der letzten 30 Jahre viele liebgewonnenen Gewohnheiten gnadenlos eliminiert, sogar solche von enormer sozialer Bedeutung wie zum Beispiel Dia-Abende. Bedauerlich! Hat man doch als Unbeteiligter \u00fcber Stunden hinweg Erinnerungen von Familie und Freunden an wundersch\u00f6ne Tage genie\u00dfen k\u00f6nnen. Hochspannung und Kurzweil war garantiert. Das ist leider aus und vorbei, im Sumpf der Geschichte verschwunden.<\/p>\n<p>Aber das Mitteilungsbed\u00fcrfnis, das sich nach erlebnisreichen Reisen zwangsl\u00e4ufig einstellt, kann mit Hilfe des Internet befriedigt werden. So wie auf dieser Seite &#8211; viel Spa\u00df dabei&#8230;<\/p>\n","protected":false},"excerpt":{"rendered":"<p>Das Internet hat im Laufe der letzten 30 Jahre viele liebgewonnenen Gewohnheiten gnadenlos eliminiert, sogar solche von enormer sozialer Bedeutung wie zum Beispiel Dia-Abende. Bedauerlich! Hat man doch als Unbeteiligter \u00fcber Stunden hinweg Erinnerungen von Familie und Freunden an wundersch\u00f6ne Tage genie\u00dfen k\u00f6nnen. Hochspannung und Kurzweil war garantiert. Das ist leider aus und vorbei, im &hellip; <a href=\"https:\/\/www.sowahome.de\/WordPress\/urlaub\/\" class=\"more-link\"><span class=\"screen-reader-text\">\u201eUrlaub\u201c <\/span>weiterlesen<\/a><\/p>\n","protected":false},"author":2,"featured_media":0,"parent":0,"menu_order":0,"comment_status":"closed","ping_status":"closed","template":"","meta":{"_crdt_document":"","ngg_post_thumbnail":0,"footnotes":""},"class_list":["post-9","page","type-page","status-publish","hentry"],"_links":{"self":[{"href":"https:\/\/www.sowahome.de\/WordPress\/wp-json\/wp\/v2\/pages\/9","targetHints":{"allow":["GET"]}}],"collection":[{"href":"https:\/\/www.sowahome.de\/WordPress\/wp-json\/wp\/v2\/pages"}],"about":[{"href":"https:\/\/www.sowahome.de\/WordPress\/wp-json\/wp\/v2\/types\/page"}],"author":[{"embeddable":true,"href":"https:\/\/www.sowahome.de\/WordPress\/wp-json\/wp\/v2\/users\/2"}],"replies":[{"embeddable":true,"href":"https:\/\/www.sowahome.de\/WordPress\/wp-json\/wp\/v2\/comments?post=9"}],"version-history":[{"count":5,"href":"https:\/\/www.sowahome.de\/WordPress\/wp-json\/wp\/v2\/pages\/9\/revisions"}],"predecessor-version":[{"id":1176,"href":"https:\/\/www.sowahome.de\/WordPress\/wp-json\/wp\/v2\/pages\/9\/revisions\/1176"}],"wp:attachment":[{"href":"https:\/\/www.sowahome.de\/WordPress\/wp-json\/wp\/v2\/media?parent=9"}],"curies":[{"name":"wp","href":"https:\/\/api.w.org\/{rel}","templated":true}]}}