{"id":649,"date":"2018-11-28T15:53:29","date_gmt":"2018-11-28T14:53:29","guid":{"rendered":"http:\/\/sowahome.de\/wordpress\/?page_id=649"},"modified":"2021-04-25T17:51:45","modified_gmt":"2021-04-25T15:51:45","slug":"ueberraschungskonzert","status":"publish","type":"page","link":"https:\/\/www.sowahome.de\/WordPress\/ueberraschungskonzert\/","title":{"rendered":"\u00dcberraschungskonzert"},"content":{"rendered":"<p><\/p>\r\n<p class=\"wp-block-paragraph\">Rolf hat immer die au\u00dfergew\u00f6hnlichsten Ideen &#8211; und sie werden auch in die Tat umgesetzt. Eine davon war schon seit l\u00e4ngerer Zeit, Andrea mal so richtig zu ihrem Geburtstag zu \u00fcberraschen. Und nat\u00fcrlich konnte das keine Kleinigkeit sein. Es musste ein Konzert mit Andy Robson und seiner Band <em>Urban Fox<\/em> sein, die in Berlin schon geraume Zeit zu den angesagtesten Musikern geh\u00f6ren.<\/p>\r\n\r\n\r\n\r\n<p class=\"wp-block-paragraph\">Andrea hat Andy zum ersten Mal bei einem Konzert auf Schlo\u00df Dyck geh\u00f6rt und war sofort von seiner Stimme begeistert, die sie in ihrer Vorstellung mit einem volumin\u00f6sen schwarzen Bluess\u00e4nger verband. Und dann stand da dieser smarte Bursche aus Berlin am Mikro. Seit dieser Begegnung wurde der Zeitpunkt von Andreas j\u00e4hrlichen Besuchen ihrer Freundin Gudrun in Berlin auch immer davon abh\u00e4ngig gemacht, wann Andy einen \u00f6ffentlichen Auftritt hat, egal ob im Rickenbackers oder einem sterilen Seminarraum der FU.<\/p>\r\n\r\n\r\n\r\n<p class=\"wp-block-paragraph\">Im Juli 2018 ging dann die E-Mail an Andy raus mit der Frage, ob er am 24. November mit seiner Band zu einem \u00dcberraschungskonzert auftreten k\u00f6nne. Die Zusage kam prompt, nachdem er seine Jungs von diesem Trip nach Duisburg \u00fcberzeugen konnte. Von da an hatten einige Leute eine tierische Vorfreude auf Andreas verdutztes Gesicht am 24. November 2018 um 21:00 Uhr.<\/p>\r\n\r\n\r\n\r\n<p class=\"wp-block-paragraph\">Tats\u00e4chlich haben alle dicht gehalten. Zun\u00e4chst Andy am 10. August im Rickenbackers, wo Gudrun und Andrea nat\u00fcrlich anwesend waren, dann alle Freunde, die ich nach und nach bei sich bietender g\u00fcnstiger Gelegenheit eingeweiht habe. Dies ging nat\u00fcrlich nur auf Wegen, die keine verr\u00e4terischen Spuren hinterlie\u00dfen. Heutzutage kann ja schon ein zuf\u00e4lliger Blick auf das Display von Smartphone, Tablet oder PC solch eine \u00dcberraschung platzen lassen. Manchmal ging es auch mangels g\u00fcnstiger Gelegenheit nur \u00fcber Dritte (Danke Frauke und Herbie!).<\/p>\r\n\r\n\r\n\r\n<p class=\"wp-block-paragraph\">Die \u00dcberraschung ist dann auch so gut gelungen, dass Andrea bei Betreten des Saales doch etliche Sekunden brauchte, um die Realit\u00e4t auch zu begreifen. Als sie Andy auf der B\u00fchne sah und er sie dann begr\u00fc\u00dfte, war sie auf Rolf sauer, weil er nichts davon erz\u00e4hlt hat, dass Andy mit seinen Jungs hier heute spielen w\u00fcrde. Dann registrierte sie Gudrun, die zwei Stunden vorher noch versichert hat, dass sie in Berlin und nicht in Duisburg sei &#8211; Andrea hat nat\u00fcrlich bei ihr nachgefragt, ob sie die \u00dcberraschung sei, die ihr Rolf f\u00fcr 21:00 Uhr angek\u00fcndigt habe. Die Bef\u00fcrchtung einer Halluzination wich dann aber der Erkenntnis, dass da wohl etwas f\u00fcr sie arrangiert worden ist, nachdem sie Nico, der direkt neben ihr sa\u00df, bemerkte und all die Anwesenden im Saal kennt.<\/p>\r\n\r\n\r\n\r\n<figure class=\"wp-block-video\">\r\n<br \/>\r\n<video src=\"http:\/\/sowahome.de\/WordPress\/wp-content\/uploads\/2018\/11\/MOV_0515.mp4\" poster=\"http:\/\/sowahome.de\/WordPress\/wp-content\/uploads\/2021\/04\/MOV_0515-converted.jpg\" preload=\"none\" controls=\"controls\" width=\"640\" height=\"360\"><\/video>\r\n<figcaption>Allman Brothers, You don&#8217;t Love Me<\/figcaption>\r\n<\/figure>\r\n\r\n<p>&nbsp;<\/p>\r\n\r\n<p class=\"wp-block-paragraph\">Selbstverst\u00e4ndlich war sie dann weder auf Rolf noch auf mich sauer, ganz im Gegenteil hat sie sich wahnsinnig \u00fcber dieses Konzert nur f\u00fcr sie gefreut. Als ganz besonders sch\u00f6n empfand sie es, dass alle G\u00e4ste ihre Begeisterung f\u00fcr diese \u00fcberw\u00e4ltigende und wundersch\u00f6ne handgemachte Musik geteilt haben. Es ist dann noch ein langer Abend geworden, der auch nach dem Geburtstagsst\u00e4ndchen noch l\u00e4ngst nicht beendet wurde.<\/p>\r\n\r\n\r\n\r\n\r\n\r\n<figure id=\"attachment_1125\" aria-describedby=\"caption-attachment-1125\" style=\"width: 840px\" class=\"wp-caption aligncenter\"><img loading=\"lazy\" decoding=\"async\" class=\"wp-image-1125 size-large\" src=\"http:\/\/sowahome.de\/WordPress\/wp-content\/uploads\/2018\/11\/20181125_003051-1024x768.jpg\" alt=\"\" width=\"840\" height=\"630\" srcset=\"https:\/\/www.sowahome.de\/WordPress\/wp-content\/uploads\/2018\/11\/20181125_003051-1024x768.jpg 1024w, https:\/\/www.sowahome.de\/WordPress\/wp-content\/uploads\/2018\/11\/20181125_003051-300x225.jpg 300w, https:\/\/www.sowahome.de\/WordPress\/wp-content\/uploads\/2018\/11\/20181125_003051-768x576.jpg 768w, https:\/\/www.sowahome.de\/WordPress\/wp-content\/uploads\/2018\/11\/20181125_003051-1536x1152.jpg 1536w, https:\/\/www.sowahome.de\/WordPress\/wp-content\/uploads\/2018\/11\/20181125_003051-2048x1536.jpg 2048w, https:\/\/www.sowahome.de\/WordPress\/wp-content\/uploads\/2018\/11\/20181125_003051-1200x900.jpg 1200w\" sizes=\"auto, (max-width: 709px) 85vw, (max-width: 909px) 67vw, (max-width: 1362px) 62vw, 840px\" \/><figcaption id=\"caption-attachment-1125\" class=\"wp-caption-text\">Das war eine teure \u00dcberraschung &#8211; 20.000 \u20ac \ud83d\ude09<\/figcaption><\/figure>\r\n<p class=\"wp-block-paragraph\">Auch an dieser Stelle nochmals Dank an Andy, Chris, Ludger und Phil, die dieses Wochenende f\u00fcr uns zur Verf\u00fcgung gestellt und uns mit ihrer Musik einen unvergesslichen Abend bereitet haben. Ein besonderer Dank geht auch an J\u00fcrgen, den Master of Sound, der mit der Technik mal wieder f\u00fcr perfekten H\u00f6rgenuss gesorgt hat.<\/p>\r\n\r\n\r\n\r\n<figure class=\"wp-block-video\"><br \/>\r\n<video src=\"http:\/\/sowahome.de\/WordPress\/wp-content\/uploads\/2018\/12\/Schluss.mp4\" poster=\"http:\/\/sowahome.de\/WordPress\/wp-content\/uploads\/2021\/04\/Schluss-converted.jpg\" preload=\"none\" controls=\"controls\" width=\"640\" height=\"360\"><\/video>\r\n<figcaption>Weit nach Mitternacht war der letzte Song gespielt&#8230;<\/figcaption>\r\n<\/figure>\r\n\r\n\r\n\r\n<p class=\"wp-block-paragraph\">&nbsp;<\/p>\r\n<p>Weitere Bilder und Videos, die gemacht wurden, findet ihr auf <a href=\"\/wordpress\/bilder-und-videos\">dieser<\/a> und auf <a href=\"\/wordpress\/weitere-videos\">dieser<\/a> Seite.<\/p>\r\n\r\n\r\n\r\n<p class=\"wp-block-paragraph\">Da die eine oder der andere auch noch filmend und knipsend mit dem Smartphone durch den Saal geturnt ist, bitte ich, mir diese Bilder und Videos zur Verf\u00fcgung zu stellen. Aber bitte nicht per WhatsApp. Diese App rechnet Bilder und Videos auf eine so geringe Aufl\u00f6sung runter, dass man spontan einen Termin beim Augenarzt machen m\u00f6chte. Per googledrive, dropbox oder \u00e4hnliche Cloudservices w\u00e4re es praktisch. Ich habe auf diesem Server einen <a href=\"\/wordpress\/datei-hochladen\">Upload-Bereich<\/a> eingerichtet, in den einzelne Dateien hochgeladen werden k\u00f6nnen. Wenn ich alles zusammen habe gibt es eine DVD&#8230;<\/p>\r\n\r\n\r\n","protected":false},"excerpt":{"rendered":"<p>Rolf hat immer die au\u00dfergew\u00f6hnlichsten Ideen &#8211; und sie werden auch in die Tat umgesetzt. Eine davon war schon seit l\u00e4ngerer Zeit, Andrea mal so richtig zu ihrem Geburtstag zu \u00fcberraschen. Und nat\u00fcrlich konnte das keine Kleinigkeit sein. Es musste ein Konzert mit Andy Robson und seiner Band Urban Fox sein, die in Berlin schon &hellip; <a href=\"https:\/\/www.sowahome.de\/WordPress\/ueberraschungskonzert\/\" class=\"more-link\"><span class=\"screen-reader-text\">\u201e\u00dcberraschungskonzert\u201c <\/span>weiterlesen<\/a><\/p>\n","protected":false},"author":1,"featured_media":0,"parent":0,"menu_order":0,"comment_status":"closed","ping_status":"closed","template":"","meta":{"_crdt_document":"","ngg_post_thumbnail":0,"footnotes":""},"class_list":["post-649","page","type-page","status-publish","hentry"],"_links":{"self":[{"href":"https:\/\/www.sowahome.de\/WordPress\/wp-json\/wp\/v2\/pages\/649","targetHints":{"allow":["GET"]}}],"collection":[{"href":"https:\/\/www.sowahome.de\/WordPress\/wp-json\/wp\/v2\/pages"}],"about":[{"href":"https:\/\/www.sowahome.de\/WordPress\/wp-json\/wp\/v2\/types\/page"}],"author":[{"embeddable":true,"href":"https:\/\/www.sowahome.de\/WordPress\/wp-json\/wp\/v2\/users\/1"}],"replies":[{"embeddable":true,"href":"https:\/\/www.sowahome.de\/WordPress\/wp-json\/wp\/v2\/comments?post=649"}],"version-history":[{"count":20,"href":"https:\/\/www.sowahome.de\/WordPress\/wp-json\/wp\/v2\/pages\/649\/revisions"}],"predecessor-version":[{"id":1394,"href":"https:\/\/www.sowahome.de\/WordPress\/wp-json\/wp\/v2\/pages\/649\/revisions\/1394"}],"wp:attachment":[{"href":"https:\/\/www.sowahome.de\/WordPress\/wp-json\/wp\/v2\/media?parent=649"}],"curies":[{"name":"wp","href":"https:\/\/api.w.org\/{rel}","templated":true}]}}