{"id":419,"date":"2017-02-08T17:55:14","date_gmt":"2017-02-08T16:55:14","guid":{"rendered":"http:\/\/192.168.2.151\/wordpress\/?page_id=419"},"modified":"2017-02-08T17:55:14","modified_gmt":"2017-02-08T16:55:14","slug":"elektrik","status":"publish","type":"page","link":"https:\/\/www.sowahome.de\/WordPress\/zwei-raeder\/classic-500-efi\/elektrik\/","title":{"rendered":"Elektrik"},"content":{"rendered":"<p>\t\t\t\tHinsichtlich der Stromversorgung war noch Handlungsbedarf. Dies betraf die schnelle und unkomplizierte Aufladung der Batterie der Enfield mittels eines Schnellverbinders f\u00fcr mein CTEK-Ladeger\u00e4t, den ich unterm Sitz platziert habe, wo er schnell zug\u00e4nglich ist und trotzdem nicht unmittelbar ins Auge springt. Benutzen musste ich ihn auch schon, da der Originalakku wohl nur f\u00fcr gem\u00e4\u00dfigte indische Temperaturen ausgelegt ist und bei frostigen Temperaturen schnell in die Knie geht.<\/p>\nngg_shortcode_0_placeholder\n<p>&nbsp;<\/p>\n<p>Da man heutzutage mit dem Smartphone sowohl f\u00fcr Unterhaltung als auch Orientierung w\u00e4hrend der Fahrt sorgen kann, schien der Anbau einer Bordsteckdose unbedingt notwendig zu sein. Nach Anregung aus dem Enfield-Forum habe ich mir eine Steckdose und einen Duo-USB-Adapter besorgt, mit dem ich wahlweise sowohl das Smartphone, den Bluetooth-Adapter f\u00fcr meine im Helm integrierten Kopfh\u00f6rer als auch eine Powerbank w\u00e4hrend der Fahrt aufladen kann. Ich habe mich f\u00fcr einen separaten USB-Adapter entschieden, weil diese Dinger st\u00e4ndig Strom ziehen und ich auch mal ohne eingeschaltete Z\u00fcndung aufladen oder den Kompressor benutzen will. So wird er einfach eingesteckt und zeigt seine Aktivit\u00e4t durch ein beruhigend blau leuchtendes Licht an. Dieses Leuchten hat mir schon zweimal gezeigt, dass die Sicherung der Bordsteckdose hin war &#8211; offensichtlich m\u00fcssen die Anschl\u00fcsse der Steckdose besser gegen Feuchtigkeit isoliert werden. Diese Annahme war jedoch ein Irrtum, das Teil hatte einen eingebauten Wackelkontakt und killte bei jedem Schlagloch die Sicherung. Und wieder mal hatte sich best\u00e4tigt: Wer billig kauft, kauft zweimal. Die n\u00e4chste Bordsteckdose funktionierte dann einwandfrei.<\/p>\n<p>In Sachen USB habe ich mir dann doch noch eine Doppelsteckdose zugelegt, die am Lenker montiert gleich zwei Ger\u00e4te versorgen kann. Ich habe sie zur Stromversorgung w\u00e4hrend der Fahrt am Z\u00fcndungsplus angeschlossen, was dank einer ganz hervorragenden Beschreibung des Kabelbaums aus dem Enfield-Forum ein Kinderspiel war.<\/p>\n<p>Trotz aller technischer Hilfsmittel werde ich noch sehen, wie ich meine Kartentasche auf dem Moped unterbringen kann, da der Kartenausschnitt im Navi f\u00fcr den gro\u00dfen \u00dcberblick einfach nicht taugt&#8230;<\/p>\n<p>&nbsp;\t\t<\/p>\n","protected":false},"excerpt":{"rendered":"<p>Hinsichtlich der Stromversorgung war noch Handlungsbedarf. Dies betraf die schnelle und unkomplizierte Aufladung der Batterie der Enfield mittels eines Schnellverbinders f\u00fcr mein CTEK-Ladeger\u00e4t, den ich unterm Sitz platziert habe, wo er schnell zug\u00e4nglich ist und trotzdem nicht unmittelbar ins Auge springt. Benutzen musste ich ihn auch schon, da der Originalakku wohl nur f\u00fcr gem\u00e4\u00dfigte indische &hellip; <a href=\"https:\/\/www.sowahome.de\/WordPress\/zwei-raeder\/classic-500-efi\/elektrik\/\" class=\"more-link\"><span class=\"screen-reader-text\">\u201eElektrik\u201c <\/span>weiterlesen<\/a><\/p>\n","protected":false},"author":1,"featured_media":0,"parent":389,"menu_order":0,"comment_status":"closed","ping_status":"closed","template":"","meta":{"_crdt_document":"","ngg_post_thumbnail":0,"footnotes":""},"class_list":["post-419","page","type-page","status-publish","hentry"],"_links":{"self":[{"href":"https:\/\/www.sowahome.de\/WordPress\/wp-json\/wp\/v2\/pages\/419","targetHints":{"allow":["GET"]}}],"collection":[{"href":"https:\/\/www.sowahome.de\/WordPress\/wp-json\/wp\/v2\/pages"}],"about":[{"href":"https:\/\/www.sowahome.de\/WordPress\/wp-json\/wp\/v2\/types\/page"}],"author":[{"embeddable":true,"href":"https:\/\/www.sowahome.de\/WordPress\/wp-json\/wp\/v2\/users\/1"}],"replies":[{"embeddable":true,"href":"https:\/\/www.sowahome.de\/WordPress\/wp-json\/wp\/v2\/comments?post=419"}],"version-history":[{"count":0,"href":"https:\/\/www.sowahome.de\/WordPress\/wp-json\/wp\/v2\/pages\/419\/revisions"}],"up":[{"embeddable":true,"href":"https:\/\/www.sowahome.de\/WordPress\/wp-json\/wp\/v2\/pages\/389"}],"wp:attachment":[{"href":"https:\/\/www.sowahome.de\/WordPress\/wp-json\/wp\/v2\/media?parent=419"}],"curies":[{"name":"wp","href":"https:\/\/api.w.org\/{rel}","templated":true}]}}