{"id":36,"date":"2016-02-18T18:24:06","date_gmt":"2016-02-18T17:24:06","guid":{"rendered":"http:\/\/192.168.2.151\/wordpress\/?page_id=36"},"modified":"2016-02-18T18:24:06","modified_gmt":"2016-02-18T17:24:06","slug":"egmond-2015","status":"publish","type":"page","link":"https:\/\/www.sowahome.de\/WordPress\/urlaub\/egmond-2015\/","title":{"rendered":"Egmond 2015"},"content":{"rendered":"<p>\t\t\t\t<img loading=\"lazy\" decoding=\"async\" class=\"alignnone wp-image-46\" src=\"http:\/\/sowahome.de\/wordpress\/wp-content\/uploads\/2016\/02\/dsc_0042-e1456074771783-1024x257.jpg\" alt=\"\" width=\"1000\" height=\"251\" \/><\/p>\n<p>Zu Ostern 2015 waren wir erstmals zwei Wochen statt der \u00fcblichen einen Woche in Egmond, wobei in der ersten Woche das Wetter au\u00dfergew\u00f6hnlich turbulent war &#8211; es hat den Strand f\u00f6rmlich mit sich gerissen. In den Tagen nach dem Sturm wurde rund um die Uhr der Strand mit enormem Aufwand wieder neu angelegt. Einige hundert Meter vor der K\u00fcste baggerte man den Sand vom Meeresboden in ein Schiff, das anschlie\u00dfend wieder zur Pumpstation zur\u00fcckfuhr und seine Ladung durch ein Rohr ans Festland pumpte. Das abflie\u00dfende Wasser wurde von M\u00f6wen belagert, denen kleine Fische, Muscheln und Krabben vor den Schnabel gesp\u00fclt wurde. Die angelandeten Sandhaufen wurden dann von Planierraupen in eine strand\u00e4hnliche Fl\u00e4che verwandelt.<\/p>\nngg_shortcode_0_placeholder\n","protected":false},"excerpt":{"rendered":"<p>Zu Ostern 2015 waren wir erstmals zwei Wochen statt der \u00fcblichen einen Woche in Egmond, wobei in der ersten Woche das Wetter au\u00dfergew\u00f6hnlich turbulent war &#8211; es hat den Strand f\u00f6rmlich mit sich gerissen. In den Tagen nach dem Sturm wurde rund um die Uhr der Strand mit enormem Aufwand wieder neu angelegt. Einige hundert &hellip; <a href=\"https:\/\/www.sowahome.de\/WordPress\/urlaub\/egmond-2015\/\" class=\"more-link\"><span class=\"screen-reader-text\">\u201eEgmond 2015\u201c <\/span>weiterlesen<\/a><\/p>\n","protected":false},"author":2,"featured_media":0,"parent":9,"menu_order":0,"comment_status":"closed","ping_status":"closed","template":"","meta":{"_crdt_document":"","ngg_post_thumbnail":0,"footnotes":""},"class_list":["post-36","page","type-page","status-publish","hentry"],"_links":{"self":[{"href":"https:\/\/www.sowahome.de\/WordPress\/wp-json\/wp\/v2\/pages\/36","targetHints":{"allow":["GET"]}}],"collection":[{"href":"https:\/\/www.sowahome.de\/WordPress\/wp-json\/wp\/v2\/pages"}],"about":[{"href":"https:\/\/www.sowahome.de\/WordPress\/wp-json\/wp\/v2\/types\/page"}],"author":[{"embeddable":true,"href":"https:\/\/www.sowahome.de\/WordPress\/wp-json\/wp\/v2\/users\/2"}],"replies":[{"embeddable":true,"href":"https:\/\/www.sowahome.de\/WordPress\/wp-json\/wp\/v2\/comments?post=36"}],"version-history":[{"count":1,"href":"https:\/\/www.sowahome.de\/WordPress\/wp-json\/wp\/v2\/pages\/36\/revisions"}],"predecessor-version":[{"id":1169,"href":"https:\/\/www.sowahome.de\/WordPress\/wp-json\/wp\/v2\/pages\/36\/revisions\/1169"}],"up":[{"embeddable":true,"href":"https:\/\/www.sowahome.de\/WordPress\/wp-json\/wp\/v2\/pages\/9"}],"wp:attachment":[{"href":"https:\/\/www.sowahome.de\/WordPress\/wp-json\/wp\/v2\/media?parent=36"}],"curies":[{"name":"wp","href":"https:\/\/api.w.org\/{rel}","templated":true}]}}