{"id":29,"date":"2016-02-18T17:57:58","date_gmt":"2016-02-18T16:57:58","guid":{"rendered":"http:\/\/192.168.2.151\/wordpress\/?page_id=29"},"modified":"2016-02-18T17:57:58","modified_gmt":"2016-02-18T16:57:58","slug":"tiger-800-xc","status":"publish","type":"page","link":"https:\/\/www.sowahome.de\/WordPress\/zwei-raeder\/tiger-800-xc\/","title":{"rendered":"Tiger 800 XC"},"content":{"rendered":"<p>\t\t\t\tDer goldene Oktober 2012 bescherte mir ein neues Motorrad, das nach und nach ge\u00e4ndert und erweitert wurde. Es begann mit einem neuen Auspuff, dem LeoVince Nero, der nicht ganz so klotzig daherkommt wie der Originalauspuff. Gleichzeitig wurden Koffertr\u00e4ger von Fehling montiert, die sowohl f\u00fcr Givi-Koffer als auch f\u00fcr die Moto QL2-Taschen von Ortlieb nutzbar sind. Als J\u00f6rg im Tigerhome-Forum ein Paar Heizgriffe von Triumph anbot, habe ich nicht gez\u00f6gert und sie ihm abgekauft. Nach einer l\u00e4ngeren Regenfahrt war die Zeit reif f\u00fcr einen <a href=\"\/wordpress\/zwei-raeder\/tiger-800-xc\/scottoiler-esystem\/\">Scottoiler<\/a>. Es folgten ein <a href=\"\/wordpress\/zwei-raeder\/tiger-800-xc\/koffersystem\/\">Koffersystem<\/a> von Holan, dann Nebelscheinwerfer zur Erh\u00f6hung von Sichtbarkeit und somit passiver Sicherheit und <a href=\"\/wordpress\/zwei-raeder\/tiger-800-xc\/sturzbuegel\/\">Sturzb\u00fcgel<\/a>, die im Fall des Falles gr\u00f6\u00dferen Schaden verhindern sollen.<\/p>\nngg_shortcode_0_placeholder\n","protected":false},"excerpt":{"rendered":"<p>Der goldene Oktober 2012 bescherte mir ein neues Motorrad, das nach und nach ge\u00e4ndert und erweitert wurde. Es begann mit einem neuen Auspuff, dem LeoVince Nero, der nicht ganz so klotzig daherkommt wie der Originalauspuff. Gleichzeitig wurden Koffertr\u00e4ger von Fehling montiert, die sowohl f\u00fcr Givi-Koffer als auch f\u00fcr die Moto QL2-Taschen von Ortlieb nutzbar sind. &hellip; <a href=\"https:\/\/www.sowahome.de\/WordPress\/zwei-raeder\/tiger-800-xc\/\" class=\"more-link\"><span class=\"screen-reader-text\">\u201eTiger 800 XC\u201c <\/span>weiterlesen<\/a><\/p>\n","protected":false},"author":2,"featured_media":0,"parent":20,"menu_order":0,"comment_status":"closed","ping_status":"closed","template":"","meta":{"_crdt_document":"","ngg_post_thumbnail":0,"footnotes":""},"class_list":["post-29","page","type-page","status-publish","hentry"],"_links":{"self":[{"href":"https:\/\/www.sowahome.de\/WordPress\/wp-json\/wp\/v2\/pages\/29","targetHints":{"allow":["GET"]}}],"collection":[{"href":"https:\/\/www.sowahome.de\/WordPress\/wp-json\/wp\/v2\/pages"}],"about":[{"href":"https:\/\/www.sowahome.de\/WordPress\/wp-json\/wp\/v2\/types\/page"}],"author":[{"embeddable":true,"href":"https:\/\/www.sowahome.de\/WordPress\/wp-json\/wp\/v2\/users\/2"}],"replies":[{"embeddable":true,"href":"https:\/\/www.sowahome.de\/WordPress\/wp-json\/wp\/v2\/comments?post=29"}],"version-history":[{"count":0,"href":"https:\/\/www.sowahome.de\/WordPress\/wp-json\/wp\/v2\/pages\/29\/revisions"}],"up":[{"embeddable":true,"href":"https:\/\/www.sowahome.de\/WordPress\/wp-json\/wp\/v2\/pages\/20"}],"wp:attachment":[{"href":"https:\/\/www.sowahome.de\/WordPress\/wp-json\/wp\/v2\/media?parent=29"}],"curies":[{"name":"wp","href":"https:\/\/api.w.org\/{rel}","templated":true}]}}