{"id":24,"date":"2016-02-18T17:43:25","date_gmt":"2016-02-18T16:43:25","guid":{"rendered":"http:\/\/192.168.2.151\/wordpress\/?page_id=24"},"modified":"2021-04-16T00:18:01","modified_gmt":"2021-04-15T22:18:01","slug":"batavus-kayenta","status":"publish","type":"page","link":"https:\/\/www.sowahome.de\/WordPress\/zwei-raeder\/batavus-kayenta\/","title":{"rendered":"Batavus Kayenta"},"content":{"rendered":"<figure id=\"attachment_109\" aria-describedby=\"caption-attachment-109\" style=\"width: 135px\" class=\"wp-caption alignright\"><img loading=\"lazy\" decoding=\"async\" class=\"size-medium wp-image-109\" src=\"\/WordPress\/wp-content\/uploads\/2016\/02\/Bild.jpg\" alt=\"Bahnhof Basel 2005, Auftakt der Radtour von Basel nach Duisburg\" width=\"135\" height=\"300\" \/><figcaption id=\"caption-attachment-109\" class=\"wp-caption-text\">Bahnhof Basel 2005, Auftakt der Radtour von Basel nach Duisburg<\/figcaption><\/figure>\n<p>Seit mehr als 15 Jahren fahre ich mit diesem Rad durch die Gegend, sowohl am Niederrhein als auch auf Touren kreuz und quer durch die ganze Republik. Gravierende Pannen gab es nie, Verschlei\u00dfteile wurden, wenn erforderlich, ausgetauscht und erst im Fr\u00fchjahr 2015 wurde auf Nabendynamo umgestellt. Ausl\u00f6ser f\u00fcr diese Investition war die Erkenntnis, dass das Smartphone mit aktivem GPS auf einer Tagesetappe deutlich mehr Strom braucht als der Akku zu liefern imstande ist. Es musste also ein Nabendynamo her, der den neuesten technischen Anforderungen gen\u00fcgt: mit LED, USB und sonstigem elektronischen Schnickschnack, der durchaus sinnvoll ist. War eine konjunkturf\u00f6rdernde Ma\u00dfnahme \ud83d\ude09<\/p>\n<p>Zugeben muss ich allerdings mit dem Gedanken gespielt zu haben, ein neues Fahrrad zu kaufen. Als ich mit diesem Ansinnen im Fahrradgesch\u00e4ft auftauchte fragte der Schrauber meines Vertrauens mit einem Blick auf mein Batavus: &#8222;Warum?&#8220;. Damit war der Gedanke vom Tisch und das Geld in der Folge im Bierglasgesch\u00e4ft auch nicht schlecht angelegt.<\/p>\n<p>&nbsp;<\/p>\n","protected":false},"excerpt":{"rendered":"<p>Seit mehr als 15 Jahren fahre ich mit diesem Rad durch die Gegend, sowohl am Niederrhein als auch auf Touren kreuz und quer durch die ganze Republik. Gravierende Pannen gab es nie, Verschlei\u00dfteile wurden, wenn erforderlich, ausgetauscht und erst im Fr\u00fchjahr 2015 wurde auf Nabendynamo umgestellt. Ausl\u00f6ser f\u00fcr diese Investition war die Erkenntnis, dass das &hellip; <a href=\"https:\/\/www.sowahome.de\/WordPress\/zwei-raeder\/batavus-kayenta\/\" class=\"more-link\"><span class=\"screen-reader-text\">\u201eBatavus Kayenta\u201c <\/span>weiterlesen<\/a><\/p>\n","protected":false},"author":2,"featured_media":0,"parent":20,"menu_order":0,"comment_status":"closed","ping_status":"closed","template":"","meta":{"_crdt_document":"","ngg_post_thumbnail":0,"footnotes":""},"class_list":["post-24","page","type-page","status-publish","hentry"],"_links":{"self":[{"href":"https:\/\/www.sowahome.de\/WordPress\/wp-json\/wp\/v2\/pages\/24","targetHints":{"allow":["GET"]}}],"collection":[{"href":"https:\/\/www.sowahome.de\/WordPress\/wp-json\/wp\/v2\/pages"}],"about":[{"href":"https:\/\/www.sowahome.de\/WordPress\/wp-json\/wp\/v2\/types\/page"}],"author":[{"embeddable":true,"href":"https:\/\/www.sowahome.de\/WordPress\/wp-json\/wp\/v2\/users\/2"}],"replies":[{"embeddable":true,"href":"https:\/\/www.sowahome.de\/WordPress\/wp-json\/wp\/v2\/comments?post=24"}],"version-history":[{"count":3,"href":"https:\/\/www.sowahome.de\/WordPress\/wp-json\/wp\/v2\/pages\/24\/revisions"}],"predecessor-version":[{"id":1105,"href":"https:\/\/www.sowahome.de\/WordPress\/wp-json\/wp\/v2\/pages\/24\/revisions\/1105"}],"up":[{"embeddable":true,"href":"https:\/\/www.sowahome.de\/WordPress\/wp-json\/wp\/v2\/pages\/20"}],"wp:attachment":[{"href":"https:\/\/www.sowahome.de\/WordPress\/wp-json\/wp\/v2\/media?parent=24"}],"curies":[{"name":"wp","href":"https:\/\/api.w.org\/{rel}","templated":true}]}}