{"id":20,"date":"2016-02-18T17:00:16","date_gmt":"2016-02-18T16:00:16","guid":{"rendered":"http:\/\/192.168.2.151\/wordpress\/?page_id=20"},"modified":"2016-02-18T17:00:16","modified_gmt":"2016-02-18T16:00:16","slug":"zwei-raeder","status":"publish","type":"page","link":"https:\/\/www.sowahome.de\/WordPress\/zwei-raeder\/","title":{"rendered":"Zwei R\u00e4der"},"content":{"rendered":"<p>\t\t\t\tBei der Fortbewegung auf zwei R\u00e4dern &#8211; ob mit oder ohne Motor &#8211; ist die Wahrnehmung der Umgebung deutlich intensiver und nachhaltiger als in einem Auto. Nat\u00fcrlich relativiert sich diese Aussage bei Sturm und Regen, aber diesem Konflikt muss man sich ja nicht aussetzen.<\/p>\n<p>Beispiele f\u00fcr Eindr\u00fccke, die mit Hilfe unserer Zweir\u00e4der gewonnen wurden, sind in diesem Bereich zu finden. Des weiteren ist auch dokumentiert, wie die Fahrzeuge dem sich entwickelnden technischem Potential und unumg\u00e4nglichen Erfordernissen angepasst wurden.\t\t<\/p>\n","protected":false},"excerpt":{"rendered":"<p>Bei der Fortbewegung auf zwei R\u00e4dern &#8211; ob mit oder ohne Motor &#8211; ist die Wahrnehmung der Umgebung deutlich intensiver und nachhaltiger als in einem Auto. Nat\u00fcrlich relativiert sich diese Aussage bei Sturm und Regen, aber diesem Konflikt muss man sich ja nicht aussetzen. Beispiele f\u00fcr Eindr\u00fccke, die mit Hilfe unserer Zweir\u00e4der gewonnen wurden, sind &hellip; <a href=\"https:\/\/www.sowahome.de\/WordPress\/zwei-raeder\/\" class=\"more-link\"><span class=\"screen-reader-text\">\u201eZwei R\u00e4der\u201c <\/span>weiterlesen<\/a><\/p>\n","protected":false},"author":2,"featured_media":0,"parent":0,"menu_order":0,"comment_status":"closed","ping_status":"closed","template":"","meta":{"_crdt_document":"","ngg_post_thumbnail":0,"footnotes":""},"class_list":["post-20","page","type-page","status-publish","hentry"],"_links":{"self":[{"href":"https:\/\/www.sowahome.de\/WordPress\/wp-json\/wp\/v2\/pages\/20","targetHints":{"allow":["GET"]}}],"collection":[{"href":"https:\/\/www.sowahome.de\/WordPress\/wp-json\/wp\/v2\/pages"}],"about":[{"href":"https:\/\/www.sowahome.de\/WordPress\/wp-json\/wp\/v2\/types\/page"}],"author":[{"embeddable":true,"href":"https:\/\/www.sowahome.de\/WordPress\/wp-json\/wp\/v2\/users\/2"}],"replies":[{"embeddable":true,"href":"https:\/\/www.sowahome.de\/WordPress\/wp-json\/wp\/v2\/comments?post=20"}],"version-history":[{"count":0,"href":"https:\/\/www.sowahome.de\/WordPress\/wp-json\/wp\/v2\/pages\/20\/revisions"}],"wp:attachment":[{"href":"https:\/\/www.sowahome.de\/WordPress\/wp-json\/wp\/v2\/media?parent=20"}],"curies":[{"name":"wp","href":"https:\/\/api.w.org\/{rel}","templated":true}]}}