{"id":1794,"date":"2024-07-12T20:50:52","date_gmt":"2024-07-12T18:50:52","guid":{"rendered":"https:\/\/www.sowahome.de\/WordPress\/?page_id=1794"},"modified":"2026-04-07T19:25:59","modified_gmt":"2026-04-07T17:25:59","slug":"charts-zur-solaranlage","status":"publish","type":"page","link":"https:\/\/www.sowahome.de\/WordPress\/charts-zur-solaranlage\/","title":{"rendered":"Charts zur Solaranlage"},"content":{"rendered":"\n<p class=\"wp-block-paragraph\"><!-- <p>Die aktuellen Leistungen des Batteriespeichers sind unter diesem Link zu sehen: <a href=\"http:\/\/sunlit.sowahome.de\">Sunlit App<\/a>.<\/p>\n<br\/> --><\/p>\n\n\n<p>Folgend der aktuelle Stand der Leistung der Wechselrichter, darunter  der letzten sieben Tage, die \u00fcber einen Shelly plus 1pm angeschlossen sind und \u00fcber iobroker ausgelesen werden. Leistung erfolgt aus dem Speicher.<\/p>\n<p><!-- \/wp:post-content --><\/p>\n<p><!-- wp:image --><\/p>\n<figure class=\"wp-block-image\"><img decoding=\"async\" src=\"http:\/\/sowahome.de\/WordPress\/wp-content\/iobroker\/Wechselrichter.svg\" alt=\"Aktuelle Leistung\"><\/figure>\n<p><!-- \/wp:image --><\/p>\n<p><!-- wp:image --><\/p>\n<figure class=\"wp-block-image\"><img decoding=\"async\" src=\"http:\/\/sowahome.de\/WordPress\/wp-content\/iobroker\/WechselrichterWoche.svg\" alt=\"Leistung der letzten sieben Tage\"><\/figure>\n<p><!-- \/wp:image --><\/p>\n<p><!--&nbsp;\n\n--><\/p>\n<p>Aktuelle Werte f\u00fcr den Stromverbrauch, der am Z\u00e4hler vom Shelly pro3em ausgelesen werden. Negative Werte entsprechen der Einspeidsung ins \u00f6ffentliche Netz.<\/p>\n<p><!-- wp:image --><\/p>\n<figure class=\"wp-block-image\"><img decoding=\"async\" src=\"http:\/\/sowahome.de\/WordPress\/wp-content\/iobroker\/shellypro3em.svg\" alt=\"Messwerte Stromverbrauch\"><\/figure>\n<p><!-- \/wp:image --><\/p>\n<p><!-- wp:image --><\/p>\n<!--<figure class=\"wp-block-image\"><img decoding=\"async\" src=\"http:\/\/sowahome.de\/WordPress\/wp-content\/iobroker\/Leistung.png\" alt=\"Leistung Wechselrichter\"><\/figure>-->\n<p>Am 20. Juli wurden mit 1600Wp erstmals 1000W erzeugt:<\/p>\n<figure class=\"wp-block-image\"><img decoding=\"async\" style=\"width: auto; max-height: 500px;\" src=\"http:\/\/sowahome.de\/WordPress\/wp-content\/iobroker\/Screenshot_Sunlit1000W.png\" alt=\"Sunlit App mit 1000W Leistung\"><\/figure>\n<p>\n\n\n\n<p>Und hier ist zu sehen, was zuletzt vor unserer Haust\u00fcr los war:<\/p>\n\n\n\n\n\n\n\n\n<figure class=\"wp-block-image\"><img decoding=\"async\" style=\"width: auto; max-height: 500px;\" src=\"http:\/\/sowahome.de\/WordPress\/wp-content\/eufy\/lastevent.jpg\" alt=\"vor der Haust\u00fcr\"><\/figure>\n\n\n\n<\/p>\n<p><!-- wp:paragraph --><\/p>\n<p><!-- \/wp:paragraph --><\/p>","protected":false},"excerpt":{"rendered":"<p>Folgend der aktuelle Stand der Leistung der Wechselrichter, darunter der letzten sieben Tage, die \u00fcber einen Shelly plus 1pm angeschlossen sind und \u00fcber iobroker ausgelesen werden. Leistung erfolgt aus dem Speicher. Aktuelle Werte f\u00fcr den Stromverbrauch, der am Z\u00e4hler vom Shelly pro3em ausgelesen werden. Negative Werte entsprechen der Einspeidsung ins \u00f6ffentliche Netz. Am 20. Juli &hellip; <a href=\"https:\/\/www.sowahome.de\/WordPress\/charts-zur-solaranlage\/\" class=\"more-link\"><span class=\"screen-reader-text\">\u201eCharts zur Solaranlage\u201c <\/span>weiterlesen<\/a><\/p>\n","protected":false},"author":1,"featured_media":0,"parent":0,"menu_order":0,"comment_status":"closed","ping_status":"closed","template":"","meta":{"_crdt_document":"","ngg_post_thumbnail":0,"footnotes":""},"class_list":["post-1794","page","type-page","status-publish","hentry"],"_links":{"self":[{"href":"https:\/\/www.sowahome.de\/WordPress\/wp-json\/wp\/v2\/pages\/1794","targetHints":{"allow":["GET"]}}],"collection":[{"href":"https:\/\/www.sowahome.de\/WordPress\/wp-json\/wp\/v2\/pages"}],"about":[{"href":"https:\/\/www.sowahome.de\/WordPress\/wp-json\/wp\/v2\/types\/page"}],"author":[{"embeddable":true,"href":"https:\/\/www.sowahome.de\/WordPress\/wp-json\/wp\/v2\/users\/1"}],"replies":[{"embeddable":true,"href":"https:\/\/www.sowahome.de\/WordPress\/wp-json\/wp\/v2\/comments?post=1794"}],"version-history":[{"count":60,"href":"https:\/\/www.sowahome.de\/WordPress\/wp-json\/wp\/v2\/pages\/1794\/revisions"}],"predecessor-version":[{"id":1938,"href":"https:\/\/www.sowahome.de\/WordPress\/wp-json\/wp\/v2\/pages\/1794\/revisions\/1938"}],"wp:attachment":[{"href":"https:\/\/www.sowahome.de\/WordPress\/wp-json\/wp\/v2\/media?parent=1794"}],"curies":[{"name":"wp","href":"https:\/\/api.w.org\/{rel}","templated":true}]}}