{"id":1460,"date":"2023-03-17T22:58:23","date_gmt":"2023-03-17T21:58:23","guid":{"rendered":"http:\/\/192.168.2.151\/WordPress\/?page_id=1460"},"modified":"2025-04-16T18:38:34","modified_gmt":"2025-04-16T16:38:34","slug":"solaranlage","status":"publish","type":"page","link":"https:\/\/www.sowahome.de\/WordPress\/solaranlage\/","title":{"rendered":"Solaranlage"},"content":{"rendered":"<p>Angefangen hat es im Februar 2023 mit einem Balkonkraftwerk, das wir auf dem Schuppendach aufgestellt haben. Zwei PV-Module mit einer Leistung von je 410 Watt und ein Wechselrichter &#8211; zun\u00e4chst ein Tuya GTB-600 -, der jedoch wegen eines Hitzeproblems gegen einen Deye M80 ausgetauscht wurde, erzeugten in gut 16 Monaten mehr als 800kWh. Festzuhalten bleibt, dass es in den ersten Monaten 2024 au\u00dfergew\u00f6hnlich viele Regentage gab und somit der Ertrag unter den Erwartungen blieb.<\/p>\n\n\n<figure class=\"wp-block-table\"><table><tbody><tr><td><div style=\"text-align: center;\"><img loading=\"lazy\" decoding=\"async\" width=\"300\" height=\"146\" class=\"wp-image-1466\" style=\"width: 300px;\" src=\"http:\/\/dlna-server\/WordPress\/wp-content\/uploads\/2023\/03\/IMG_1678290679077-1.jpg\" alt=\"\" srcset=\"https:\/\/www.sowahome.de\/WordPress\/wp-content\/uploads\/2023\/03\/IMG_1678290679077-1.jpg 1024w, https:\/\/www.sowahome.de\/WordPress\/wp-content\/uploads\/2023\/03\/IMG_1678290679077-1-300x146.jpg 300w, https:\/\/www.sowahome.de\/WordPress\/wp-content\/uploads\/2023\/03\/IMG_1678290679077-1-768x374.jpg 768w\" sizes=\"auto, (max-width: 300px) 85vw, 300px\" \/><\/div><\/td><td><div style=\"text-align: center;\"><img loading=\"lazy\" decoding=\"async\" width=\"300\" height=\"159\" class=\"wp-image-1465\" style=\"width: 300px;\" src=\"http:\/\/dlna-server\/WordPress\/wp-content\/uploads\/2023\/03\/IMG_1678290679077.jpg\" alt=\"\" srcset=\"https:\/\/www.sowahome.de\/WordPress\/wp-content\/uploads\/2023\/03\/IMG_1678290679077.jpg 1024w, https:\/\/www.sowahome.de\/WordPress\/wp-content\/uploads\/2023\/03\/IMG_1678290679077-300x159.jpg 300w, https:\/\/www.sowahome.de\/WordPress\/wp-content\/uploads\/2023\/03\/IMG_1678290679077-768x408.jpg 768w\" sizes=\"auto, (max-width: 300px) 85vw, 300px\" \/><\/div><\/td><\/tr><tr><td colspan=\"2\"><div style=\"text-align: center;\"><img decoding=\"async\" style=\"width:auto; max-height:200px;\" src=\"http:\/\/sowahome.de\/WordPress\/wp-content\/iobroker\/IMG_Module.jpg\" alt=\"Bifacial-Module\"><\/div>\n<\/td><\/tr><tr><td colspan=\"2\">Am 19. Juli 2024 sind zwei 400Wp bifacial-Module dazu gekommen, die nach Westen ausgerichtet ein effektiveres Energiemanagement erlauben.<\/td><\/tr><\/tbody><\/table><\/figure>\n\n\n<p>\nZur \u00dcberpr\u00fcfung und Visualisierung der Leistung der Anlage wird ioBroker eingesetzt. So l\u00e4sst sich grafisch darstellen, wieviel des erzeugten Stroms selbst genutzt oder ins \u00f6ffentliche Netz eingespeist wird. Tats\u00e4chlich war festzustellen, dass zeitweise bis zur H\u00e4lfte der Energie der Allgemeinheit kostenlos zur Verf\u00fcgung gestellt wird. Seit Anfang Juni 2024 l\u00e4uft ein Skript, das die Einspeiseverluste kumuliert. Trotz bescheidenem Wetter und viel Regen kamen dabei in knapp vier Wochen schon 15kWh zusammen. Der intensive Sonnenschein in den ersten Juli-Tagen hat den Verlust schnell ansteigen lassen.\n<\/p>\n\n\n<figure class=\"wp-block-image\"><img decoding=\"async\" src=\"http:\/\/sowahome.de\/WordPress\/wp-content\/iobroker\/Einspeisung-gesamt.svg\" alt=\"Einspeisung kumuliert drei Monate\"\/><\/figure>\n\n\n<p>&nbsp;<\/p>\n<p>Um diese Entwicklung zu stoppen ist ein Speicher <a href=\"https:\/\/www.sunlitsolar.de\/\" target=\"_blank\" rel=\"noopener\">SunLit BK215<\/a> bestellt worden. Wir haben bei <a href=\"https:\/\/drbo-greenenergy.de\/\">DRBO Greenenergy<\/a> bestellt und innerhalb von drei Werktagen stand der Spediteur vor der T\u00fcr.<\/p>\n<p>Der Anschluss war in wenigen Minuten erledigt, weil Anschlusskabel und Wechselrichter zum Standort des Speichers schon vorab verlegt wurden. Mit der smarten Strategie, die auf Daten eines Shelly Pro 3em zugreift, wird in Abh\u00e4ngigkeit vom Ladestand prim\u00e4r der Speicher versorgt oder eine Nulleinspeisung und kostenoptimale Abgabe ins Hausnetz angestrebt. Nachfolgend die Tageswerte des Z\u00e4hlers, die mittels Infrarot-Lesekopf per Tamota und MQTT ausgelesen werden, darunter die Werte der aktuellen Woche. Negative Werte der Phase 2 (L2) stellen die Einspeisung aus dem Batteriespeicher dar, die dem aktuellen Strombedarf angepasst wird.<\/p>\n\n\n<figure class=\"wp-block-image\"><img decoding=\"async\" src=\"http:\/\/sowahome.de\/WordPress\/wp-content\/iobroker\/Zaehler.svg\" alt=\"Verbrauch Stromz\u00e4hler\"\/><\/figure>\n\n\n<p\/>\n\n\n<figure class=\"wp-block-image\"><img decoding=\"async\" src=\"http:\/\/sowahome.de\/WordPress\/wp-content\/iobroker\/ZaehlerWoche.svg\" alt=\"Verbrauch Stromz\u00e4hler aktuelle Woche\"\/><\/figure>\n\n\n<p>Die kumulierten Werte f\u00fcr die Versorgung des Deye-Wechselrichters, Verbrauch, Einspeisung gemessen vom Shelly pm1 hinter dem Wechselrichter und des Verlustes der vergangenen sieben Tage sowie der heute bisher angefallenen Werte sind in den Grafiken zum Energieprofil dargestellt.<\/p>\n\n\n<figure class=\"wp-block-image align:left\"><img decoding=\"async\" src=\"http:\/\/sowahome.de\/WordPress\/wp-content\/iobroker\/Energieprofil.svg\" alt=\"Energieprofil aktuelle Woche\"\/><\/figure>\n\n\n\n<figure class=\"wp-block-image\"><img decoding=\"async\" src=\"http:\/\/sowahome.de\/WordPress\/wp-content\/iobroker\/Energiekumuliert.svg\" alt=\"Energieprofil aktuelle Woche\"\/><\/figure>\n\n\n<p\/>\n<p>Da die Speicherkapazit\u00e4t bisher nur 2,15kWh betr\u00e4gt, kann es bei intensiver Sonneneinstrahlung und vollem Speicher immer noch zu einem Verlust ins \u00f6ffentliche Netz kommen. Dies wird in folgender Darstellung mit tagesaktuellen Werten ersichtlich, danach die des aktuellen Monats und des Vormonats.<\/p>\n\n\n<figure class=\"wp-block-image\"><img decoding=\"async\" src=\"http:\/\/sowahome.de\/WordPress\/wp-content\/iobroker\/Netzeinspeisung.svg\" alt=\"Einspeisung ins Netz\"\/><\/figure>\n\n\n<p>Seit dem 2.9.2024 ist eine Version der SunLit Solar App im Einsatz, die verschiedene Einstellungen zur Verwendung des erzeugten Stroms bei vollem Speicher erm\u00f6glicht. Einmal ist es die Drosselung der Modulleistung auf die momentan angeforderte Leistung, was auch das Prinzip der Vorversion war. Neu ist die M\u00f6glichkeit, den erzeugten Strom direkt an den Wechselrichter weiter zu leiten. Letzteres ist aktiviert, sodass der Verlust hinsichtlich einer potentiellen Erweiterung des Speichers quantifiziert werden kann.<\/p>\n\n\n<figure class=\"wp-block-image\"><img decoding=\"async\" src=\"http:\/\/sowahome.de\/WordPress\/wp-content\/iobroker\/Einspeisung-Summe.svg\" alt=\"Einspeisung zwei Monate\"\/><\/figure>\n\n\n<p\/>\n<p>\nSchon in den ersten Tagen nach Einsatz des BK215 hat sich gezeigt, dass eine Nulleinspeisung mit dem Sunlit-Speicher und der smarten Strategie realisierbar ist. Insofern hat sich die zus\u00e4tzliche Anschaffung des Shelly Pro 3em, der identische Werte wie der IR-Lesekopf liefert, doch gelohnt, zumal mit relativ wenig Aufwand ein ausgesprochen g\u00fcnstiger Preis gefunden werden kann. Der Lesekopf hat trotzdem seine Existenzberechtigung, weil mit einer Erweiterung des Tasmota-Skripts der Verlust ins \u00f6ffentliche Stromnetz gemessen und mit ioBroker dokumentiert werden kann.\n<\/p>\n<figure class=\"wp-block-table\">\n<table>\n<tbody>\n<tr>\n<td>\n\n\n<div style=\"text-align: center;\">\n<img decoding=\"async\" style=\"width:auto; max-height:250px;\" src=\"http:\/\/sowahome.de\/WordPress\/wp-content\/iobroker\/IMG_BK215.jpg\" alt=\"Speicher Sunlit BK215\"\/><\/div>\n\n\n<\/td>\n<td>\n<div style=\"text-align: center;\">\n<img decoding=\"async\" style=\"width:auto; max-height:250px;\" src=\"http:\/\/sowahome.de\/WordPress\/wp-content\/iobroker\/IMG_ShellyPro3em.jpg\" alt=\"Shelly Pro 3em\"\/><\/div>\n<\/td>\n<td>\n<div style=\"text-align: center;\">\n<img decoding=\"async\" style=\"width:auto; max-height:250px;\" src=\"http:\/\/sowahome.de\/WordPress\/wp-content\/iobroker\/IMG_IR-Lesekopf.jpg\" alt=\"Infrarot Lesekopf\"\/>\n<\/td>\n<\/div>\n<\/tr>\n<tr>\n<td>\n<div style=\"text-align: center;\">\nBK215\n<\/td>\n<\/div>\n<td>\n<div style=\"text-align: center;\">\nShelly pro 3em\n<\/td>\n<\/div>\n<td>\n<div style=\"text-align: center;\">\nInfrarot Lesekopf\n<\/td>\n<\/div>\n<\/tr>\n<\/tbody>\n<\/table>\n<\/figure>\n<p\/>","protected":false},"excerpt":{"rendered":"<p>Angefangen hat es im Februar 2023 mit einem Balkonkraftwerk, das wir auf dem Schuppendach aufgestellt haben. Zwei PV-Module mit einer Leistung von je 410 Watt und ein Wechselrichter &#8211; zun\u00e4chst ein Tuya GTB-600 -, der jedoch wegen eines Hitzeproblems gegen einen Deye M80 ausgetauscht wurde, erzeugten in gut 16 Monaten mehr als 800kWh. Festzuhalten bleibt, &hellip; <a href=\"https:\/\/www.sowahome.de\/WordPress\/solaranlage\/\" class=\"more-link\"><span class=\"screen-reader-text\">\u201eSolaranlage\u201c <\/span>weiterlesen<\/a><\/p>\n","protected":false},"author":1,"featured_media":0,"parent":0,"menu_order":0,"comment_status":"closed","ping_status":"closed","template":"","meta":{"_crdt_document":"","ngg_post_thumbnail":0,"footnotes":""},"class_list":["post-1460","page","type-page","status-publish","hentry"],"_links":{"self":[{"href":"https:\/\/www.sowahome.de\/WordPress\/wp-json\/wp\/v2\/pages\/1460","targetHints":{"allow":["GET"]}}],"collection":[{"href":"https:\/\/www.sowahome.de\/WordPress\/wp-json\/wp\/v2\/pages"}],"about":[{"href":"https:\/\/www.sowahome.de\/WordPress\/wp-json\/wp\/v2\/types\/page"}],"author":[{"embeddable":true,"href":"https:\/\/www.sowahome.de\/WordPress\/wp-json\/wp\/v2\/users\/1"}],"replies":[{"embeddable":true,"href":"https:\/\/www.sowahome.de\/WordPress\/wp-json\/wp\/v2\/comments?post=1460"}],"version-history":[{"count":108,"href":"https:\/\/www.sowahome.de\/WordPress\/wp-json\/wp\/v2\/pages\/1460\/revisions"}],"predecessor-version":[{"id":1918,"href":"https:\/\/www.sowahome.de\/WordPress\/wp-json\/wp\/v2\/pages\/1460\/revisions\/1918"}],"wp:attachment":[{"href":"https:\/\/www.sowahome.de\/WordPress\/wp-json\/wp\/v2\/media?parent=1460"}],"curies":[{"name":"wp","href":"https:\/\/api.w.org\/{rel}","templated":true}]}}