{"id":13,"date":"2016-02-18T16:18:32","date_gmt":"2016-02-18T15:18:32","guid":{"rendered":"http:\/\/192.168.2.151\/wordpress\/?page_id=13"},"modified":"2021-04-16T14:32:46","modified_gmt":"2021-04-16T12:32:46","slug":"am-anfang-war","status":"publish","type":"page","link":"https:\/\/www.sowahome.de\/WordPress\/","title":{"rendered":"Am Anfang war"},"content":{"rendered":"<p>der Wunsch, an einem der gr\u00f6\u00dften Abenteuer unserer Zeit, der Reise zum Nordkap auf zwei R\u00e4dern, teilhaben zu wollen. So habe ich mich entschlossen, diese Pr\u00e4senz im Internet zu platzieren und damit den erw\u00e4hnten Wunsch erf\u00fcllen zu k\u00f6nnen, dar\u00fcber hinaus noch einiges mehr an Informationen darzustellen, die unseren Ausschnitt von Raum und Zeit bewegen.<\/p>\n<p>Auf der nachfolgenden Karte war w\u00e4hrend unserer Tour zum Nordkap die Route tagesaktuell nachvollziehbar, Berichte fanden sich tats\u00e4chlich dank guter Netzabdeckung t\u00e4glich&#8230;<\/p>\n<div class=\"gm-map\" style=\"position: relative;height: 200px; width: 100%;\"><iframe name=\"gm-map-1\" allowfullscreen src=\"https:\/\/www.sowahome.de\/WordPress\/?geo_mashup_content=render-map&amp;map_data_key=2715b0ee26293603cdee5ba17b3f75e1&amp;name=gm-map-1&amp;map_content=contextual&amp;error_comment=&lt;!-- Geo Mashup hat in diesem Kontext keine darzustellenden Objekte gefunden--&gt;\" style=\"position: absolute; top: 0; left: 0; width: 100%; height: 100%; border: none; overflow: hidden;\"><\/iframe><\/div>\n","protected":false},"excerpt":{"rendered":"<p>der Wunsch, an einem der gr\u00f6\u00dften Abenteuer unserer Zeit, der Reise zum Nordkap auf zwei R\u00e4dern, teilhaben zu wollen. So habe ich mich entschlossen, diese Pr\u00e4senz im Internet zu platzieren und damit den erw\u00e4hnten Wunsch erf\u00fcllen zu k\u00f6nnen, dar\u00fcber hinaus noch einiges mehr an Informationen darzustellen, die unseren Ausschnitt von Raum und Zeit bewegen. Auf &hellip; <a href=\"https:\/\/www.sowahome.de\/WordPress\/\" class=\"more-link\"><span class=\"screen-reader-text\">\u201eAm Anfang war\u201c <\/span>weiterlesen<\/a><\/p>\n","protected":false},"author":2,"featured_media":0,"parent":0,"menu_order":0,"comment_status":"closed","ping_status":"closed","template":"","meta":{"_crdt_document":"","ngg_post_thumbnail":0,"footnotes":""},"class_list":["post-13","page","type-page","status-publish","hentry"],"_links":{"self":[{"href":"https:\/\/www.sowahome.de\/WordPress\/wp-json\/wp\/v2\/pages\/13","targetHints":{"allow":["GET"]}}],"collection":[{"href":"https:\/\/www.sowahome.de\/WordPress\/wp-json\/wp\/v2\/pages"}],"about":[{"href":"https:\/\/www.sowahome.de\/WordPress\/wp-json\/wp\/v2\/types\/page"}],"author":[{"embeddable":true,"href":"https:\/\/www.sowahome.de\/WordPress\/wp-json\/wp\/v2\/users\/2"}],"replies":[{"embeddable":true,"href":"https:\/\/www.sowahome.de\/WordPress\/wp-json\/wp\/v2\/comments?post=13"}],"version-history":[{"count":2,"href":"https:\/\/www.sowahome.de\/WordPress\/wp-json\/wp\/v2\/pages\/13\/revisions"}],"predecessor-version":[{"id":1642,"href":"https:\/\/www.sowahome.de\/WordPress\/wp-json\/wp\/v2\/pages\/13\/revisions\/1642"}],"wp:attachment":[{"href":"https:\/\/www.sowahome.de\/WordPress\/wp-json\/wp\/v2\/media?parent=13"}],"curies":[{"name":"wp","href":"https:\/\/api.w.org\/{rel}","templated":true}]}}