{"id":118,"date":"2016-04-20T14:14:02","date_gmt":"2016-04-20T12:14:02","guid":{"rendered":"http:\/\/192.168.2.151\/wordpress\/?page_id=118"},"modified":"2016-04-20T14:14:02","modified_gmt":"2016-04-20T12:14:02","slug":"scottoiler-esystem","status":"publish","type":"page","link":"https:\/\/www.sowahome.de\/WordPress\/zwei-raeder\/tiger-800-xc\/scottoiler-esystem\/","title":{"rendered":"Scottoiler eSystem"},"content":{"rendered":"<p>\t\t\t\tIch habe mich f\u00fcr das eSystem entschieden, weil die Ketten\u00f6lung schnell und unkompliziert den gegebenen Verh\u00e4ltnissen angepasst werden kann. Ein nicht ganz unwichtiger Punkt bei der Entscheidung war auch die Anzeige der Temperatur im Display. Woher soll man schlie\u00dflich wissen, wann man die Heizgriffe einschalten soll.<\/p>\nngg_shortcode_0_placeholder\n<p>&nbsp;<\/p>\n<p>Den Adapter, oben links zu sehen, habe ich mit S\u00e4ge und Feile selbst angepasst und die nicht so belastbare originale Schlauchschelle gegen eine aus dem Baumarkt ersetzt. Das Display ist unter der Tachoeinheit angebracht, sitzt allerdings vor der Abdeckung des linken Scheinwerfers und muss beim Birnenwechsel gel\u00f6st werden &#8211; naja, kommt ja nicht so oft vor&#8230;\t\t<\/p>\n","protected":false},"excerpt":{"rendered":"<p>Ich habe mich f\u00fcr das eSystem entschieden, weil die Ketten\u00f6lung schnell und unkompliziert den gegebenen Verh\u00e4ltnissen angepasst werden kann. Ein nicht ganz unwichtiger Punkt bei der Entscheidung war auch die Anzeige der Temperatur im Display. Woher soll man schlie\u00dflich wissen, wann man die Heizgriffe einschalten soll. &nbsp; Den Adapter, oben links zu sehen, habe ich &hellip; <a href=\"https:\/\/www.sowahome.de\/WordPress\/zwei-raeder\/tiger-800-xc\/scottoiler-esystem\/\" class=\"more-link\"><span class=\"screen-reader-text\">\u201eScottoiler eSystem\u201c <\/span>weiterlesen<\/a><\/p>\n","protected":false},"author":1,"featured_media":0,"parent":29,"menu_order":0,"comment_status":"closed","ping_status":"closed","template":"","meta":{"_crdt_document":"","ngg_post_thumbnail":0,"footnotes":""},"class_list":["post-118","page","type-page","status-publish","hentry"],"_links":{"self":[{"href":"https:\/\/www.sowahome.de\/WordPress\/wp-json\/wp\/v2\/pages\/118","targetHints":{"allow":["GET"]}}],"collection":[{"href":"https:\/\/www.sowahome.de\/WordPress\/wp-json\/wp\/v2\/pages"}],"about":[{"href":"https:\/\/www.sowahome.de\/WordPress\/wp-json\/wp\/v2\/types\/page"}],"author":[{"embeddable":true,"href":"https:\/\/www.sowahome.de\/WordPress\/wp-json\/wp\/v2\/users\/1"}],"replies":[{"embeddable":true,"href":"https:\/\/www.sowahome.de\/WordPress\/wp-json\/wp\/v2\/comments?post=118"}],"version-history":[{"count":0,"href":"https:\/\/www.sowahome.de\/WordPress\/wp-json\/wp\/v2\/pages\/118\/revisions"}],"up":[{"embeddable":true,"href":"https:\/\/www.sowahome.de\/WordPress\/wp-json\/wp\/v2\/pages\/29"}],"wp:attachment":[{"href":"https:\/\/www.sowahome.de\/WordPress\/wp-json\/wp\/v2\/media?parent=118"}],"curies":[{"name":"wp","href":"https:\/\/api.w.org\/{rel}","templated":true}]}}